{"id":34,"date":"2023-04-27T07:42:29","date_gmt":"2023-04-27T07:42:29","guid":{"rendered":"https:\/\/tarotpor5euros.es\/?page_id=34"},"modified":"2025-05-02T10:26:25","modified_gmt":"2025-05-02T10:26:25","slug":"terminos-politica-y-cookies","status":"publish","type":"page","link":"https:\/\/tarotpor5euros.es\/index.php\/terminos-politica-y-cookies\/","title":{"rendered":"T\u00e9rminos, Pol\u00edtica y Cookies"},"content":{"rendered":"\t\t<div data-elementor-type=\"wp-page\" data-elementor-id=\"34\" class=\"elementor elementor-34\" data-elementor-post-type=\"page\">\n\t\t\t\t\t\t<section class=\"elementor-section elementor-top-section elementor-element elementor-element-02777fa elementor-section-boxed elementor-section-height-default elementor-section-height-default\" data-id=\"02777fa\" data-element_type=\"section\" data-e-type=\"section\">\n\t\t\t\t\t\t<div class=\"elementor-container elementor-column-gap-default\">\n\t\t\t\t\t<div class=\"elementor-column elementor-col-100 elementor-top-column elementor-element elementor-element-67226cf\" data-id=\"67226cf\" data-element_type=\"column\" data-e-type=\"column\">\n\t\t\t<div class=\"elementor-widget-wrap elementor-element-populated\">\n\t\t\t\t\t\t<div class=\"elementor-element elementor-element-e7eea7b elementor-widget elementor-widget-text-editor\" data-id=\"e7eea7b\" data-element_type=\"widget\" data-e-type=\"widget\" data-widget_type=\"text-editor.default\">\n\t\t\t\t<div class=\"elementor-widget-container\">\n\t\t\t\t\t\t\t\t\t<div class=\"page-header\"><h4 id=\"politica-de-privacidad-y-aviso-legal-web\">POL\u00cdTICA DE PRIVACIDAD Y AVISO LEGAL WEB<\/h4><\/div><h5 id=\"proteccion-de-datos-koal80\">PROTECCI\u00d3N DE DATOS KOAL80, S.L.<\/h5><p>La empresa garantiza a los usuarios de la p\u00e1gina web que cumple con el Reglamento General de Protecci\u00f3n de Datos (UE) 2016\/679, y que ha establecido las medidas de seguridad exigidas por las leyes y reglamentos destinados a preservar el secreto, confidencialidad e integridad en el tratamiento de sus datos personales.<\/p><p>Dichos datos personales ser\u00e1n utilizados en la forma y con las limitaciones y derechos que concede la protecci\u00f3n de datos de car\u00e1cter personal.<\/p><p>La recogida y tratamiento de los datos personales solicitados tiene como finalidad la atenci\u00f3n al usuario, tanto administrativa, para su uso a nivel estad\u00edstico (entre otros), como comercial, por lo que se podr\u00e1 enviar publicidades y promociones a los usuarios de nuestros servicios sin previo aviso a trav\u00e9s de correos electr\u00f3nicos, tel\u00e9fono y otras plataformas, como Facebook o Twitter, entre otras. KOAL80, S.L. se compromete a guardar la m\u00e1xima reserva, secreto y confidencialidad sobre la informaci\u00f3n de los datos personales que tiene a su disposici\u00f3n. Usted tiene derecho a obtener confirmaci\u00f3n sobre si en KOAL80 S.L. estamos tratando sus datos personales por tanto tiene derecho a acceder a sus datos personales, rectificar los datos inexacto o solicitar su supresi\u00f3n cuando los datos ya no sean necesarios para los fines que fueron recogidos.<\/p><p>La recogida y tratamiento de los datos personales solicitados tiene como finalidad la atenci\u00f3n al usuario, tanto administrativa como comercial. Para ello, estos datos podr\u00e1n ser cedidos a D\u00aa ROSA MAR\u00cdA SOLSONA ESTEBAN con DNI 85083361J.<\/p><h5 id=\"aviso-legal-lssi-ce\">AVISO LEGAL LSSI \u2013 CE<\/h5><p>En cumplimiento de la Ley 34\/2002, de 11 de julio, de Servicios de la Sociedad de la Informaci\u00f3n y de Comercio Electr\u00f3nico (LSSI-CE), la entidad KOAL80, S.L. le informa que es titular del sitio web. De acuerdo con la exigencia del art\u00edculo 10 de la citada Ley, informa de los siguientes datos:\u00a0<i>El titular de este sitio web es: KOAL80, S.L. NIF: B98179096 Apartado de Correos: Aptdo. 15 \u2013 12400, Segorbe, Castell\u00f3n<\/i><\/p><h5 id=\"usuarios\">USUARIOS<\/h5><p>El acceso y\/o uso de este portal le atribuye la condici\u00f3n de USUARIO, que acepta, desde dicho acceso y\/o uso, las Condiciones Generales de Uso aqu\u00ed reflejadas. Las citadas Condiciones ser\u00e1n de aplicaci\u00f3n independientemente de las Condiciones Generales de Contrataci\u00f3n que en su caso resulten de obligado cumplimiento.<\/p><h5 id=\"uso-del-portal\">USO DEL PORTAL<\/h5><p>La p\u00e1gina web proporciona el acceso a multitud de informaciones, servicios, programas o datos (en adelante, \u201clos contenidos\u201d) en Internet pertenecientes a KOAL80, S.L. o a sus licenciantes a los que el USUARIO pueda tener acceso. El USUARIO asume la responsabilidad del uso del portal. Dicha responsabilidad se extiende al registro que fuese necesario para acceder a determinados servicios o contenidos. En dicho registro el USUARIO ser\u00e1 responsable de aportar informaci\u00f3n veraz y l\u00edcita. Como consecuencia de este registro, al USUARIO se le puede proporcionar una contrase\u00f1a de la que ser\u00e1 responsable, comprometi\u00e9ndose a hacer un uso diligente y confidencial de la misma. El USUARIO se compromete a hacer un uso adecuado de los contenidos y servicios que KOAL80, S.L. ofrece a trav\u00e9s de su portal y con car\u00e1cter enunciativo pero no limitativo, a no emplearlos para:<br \/>(i) incurrir en actividades il\u00edcitas, ilegales o contrarias a la buena fe y al orden p\u00fablico<br \/>(ii) difundir contenidos o propaganda de car\u00e1cter racista, xen\u00f3fobo, pornogr\u00e1fico-ilegal, de apolog\u00eda del terrorismo o atentatorio contra los derechos humanos<br \/>(iii) provocar da\u00f1os en los sistemas f\u00edsicos y l\u00f3gicos de KOAL80, S.L., de sus proveedores o de terceras personas, introducir o difundir en la red virus inform\u00e1ticos o cualesquiera otros sistemas f\u00edsicos o l\u00f3gicos que sean susceptibles de provocar los da\u00f1os anteriormente mencionados; intentar acceder y, en su caso, utilizar las cuentas de correo electr\u00f3nico de otros usuarios y modificar manipular sus mensajes.<br \/>KOAL80, S.L. se reserva el derecho de retirar todos aquellos comentarios y aportaciones que vulneren el respeto a la dignidad de la persona, que sean discriminatorios, xen\u00f3fobos, racistas, pornogr\u00e1ficos, que atenten contra la juventud o la infancia, el orden o la seguridad p\u00fablica o que, a su juicio, no resultaran adecuados para su publicaci\u00f3n. En cualquier caso, KOAL80, S.L. no ser\u00e1 responsable de las opiniones vertidas por los usuarios a trav\u00e9s de los foros, chats, u otras herramientas de participaci\u00f3n.<\/p><h5 id=\"propiedad-intelectual-e-industrial\">PROPIEDAD INTELECTUAL E INDUSTRIAL<\/h5><p>KOAL80, S.L. ser\u00e1 titular de todos los derechos de propiedad intelectual e industrial de su p\u00e1gina web, as\u00ed como de los elementos contenidos en la misma (a t\u00edtulo enunciativo, im\u00e1genes, sonido, audio, v\u00eddeo, software o textos; marcas o logotipos, combinaciones de colores, estructura y dise\u00f1o, selecci\u00f3n de materiales usados, programas de ordenador necesarios para su funcionamiento, acceso y uso, etc.).<br \/>Todos los derechos reservados. En virtud de lo dispuesto en los art\u00edculos 8 y 32.1, p\u00e1rrafo segundo, de la Ley de Propiedad Intelectual, quedan expresamente prohibidas la reproducci\u00f3n, la distribuci\u00f3n y la comunicaci\u00f3n p\u00fablica, incluida su modalidad de puesta a disposici\u00f3n, de la totalidad o parte de los contenidos de esta p\u00e1gina web, con fines comerciales, en cualquier soporte y por cualquier medio t\u00e9cnico, sin la autorizaci\u00f3n de KOAL80, S.L.. El USUARIO se compromete a respetar los derechos de Propiedad Intelectual e Industrial titularidad de KOAL80, S.L.. Podr\u00e1 visualizar los elementos del portal e incluso imprimirlos, copiarlos y almacenarlos en el disco duro de su ordenador o en cualquier otro soporte f\u00edsico siempre y cuando sea, \u00fanica y exclusivamente, para su uso personal y privado. El USUARIO deber\u00e1 abstenerse de suprimir, alterar, eludir o manipular cualquier dispositivo de protecci\u00f3n o sistema de seguridad que estuviera instalado en el las p\u00e1ginas de KOAL80, S.L..<\/p><h5 id=\"exclusion-de-garantias-y-responsabilidad\">EXCLUSI\u00d3N DE GARANT\u00cdAS Y RESPONSABILIDAD<\/h5><p>KOAL80, S.L. no se hace responsable, en ning\u00fan caso, de los da\u00f1os y perjuicios de cualquier naturaleza que pudieran ocasionar, a t\u00edtulo enunciativo: errores u omisiones en los contenidos, falta de disponibilidad del portal o la transmisi\u00f3n de virus o programas maliciosos o lesivos en los contenidos, a pesar de haber adoptado todas las medidas tecnol\u00f3gicas necesarias para evitarlo.<\/p><h5 id=\"modificaciones\">MODIFICACIONES<\/h5><p>KOAL80, S.L. se reserva el derecho de efectuar sin previo aviso las modificaciones que considere oportunas en su portal, pudiendo cambiar, suprimir o a\u00f1adir tanto los contenidos y servicios que se presten a trav\u00e9s de la misma como la forma en la que \u00e9stos aparezcan presentados o localizados en su portal.<\/p><h5 id=\"enlaces\">ENLACES<\/h5><p>En el caso de que en la p\u00e1gina web se dispusiesen enlaces o hiperv\u00ednculos hac\u00eda otros sitios de Internet, KOAL80, S.L. no ejercer\u00e1 ning\u00fan tipo de control sobre dichos sitios y contenidos. En ning\u00fan caso KOAL80, S.L. asumir\u00e1 responsabilidad alguna por los contenidos de alg\u00fan enlace perteneciente a un sitio web ajeno, ni garantizar\u00e1 la disponibilidad t\u00e9cnica, calidad, fiabilidad, exactitud, amplitud, veracidad, validez y constitucionalidad de cualquier material o informaci\u00f3n contenida en ninguno de dichos hiperv\u00ednculos u otros sitios de Internet.<br \/>Igualmente, la inclusi\u00f3n de estas conexiones externas no implicar\u00e1 ning\u00fan tipo de asociaci\u00f3n, fusi\u00f3n o participaci\u00f3n con las entidades conectadas.<\/p><h5 id=\"derecho-de-exclusion\">DERECHO DE EXCLUSI\u00d3N<\/h5><p>KOAL80, S.L. se reserva el derecho a denegar o retirar el acceso a portal y\/o los servicios ofrecidos sin necesidad de preaviso, a instancia propia o de un tercero, a aquellos usuarios que incumplan las presentes Condiciones Generales de Uso.<\/p><h5 id=\"generalidades\">GENERALIDADES<\/h5><p>KOAL80, S.L. perseguir\u00e1 el incumplimiento de las presentes condiciones, as\u00ed como cualquier utilizaci\u00f3n indebida de su portal ejerciendo todas las acciones civiles y penales que le puedan corresponder en derecho.<\/p><h5 id=\"modificacion-de-las-presentes-condiciones-y-duracion\">MODIFICACI\u00d3N DE LAS PRESENTES CONDICIONES Y DURACI\u00d3N<\/h5><p>KOAL80, S.L. podr\u00e1 modificar en cualquier momento las condiciones aqu\u00ed determinadas, siendo debidamente publicadas como aqu\u00ed aparecen.<br \/>La vigencia de las citadas condiciones ir\u00e1 en funci\u00f3n de su exposici\u00f3n y estar\u00e1n vigentes hasta debidamente publicadas. que sean modificadas por otras.<\/p><h5 id=\"legislacion-aplicable-y-jurisdiccion\">LEGISLACI\u00d3N APLICABLE Y JURISDICCI\u00d3N<\/h5><p>La relaci\u00f3n entre KOAL80, S.L. y el USUARIO se regir\u00e1 por la normativa espa\u00f1ola vigente y cualquier controversia se someter\u00e1 a los Juzgados y tribunales de la ciudad anteriormente indicada.<\/p><div class=\"page-header\"><h4 id=\"politica-de-cookies\"><i class=\"fa fa-bookmark\" aria-hidden=\"true\"><\/i>POL\u00cdTICA DE COOKIES<\/h4><\/div><h5 id=\"informacion-general-sobre-cookies\">INFORMACI\u00d3N GENERAL SOBRE COOKIES<\/h5><p>Una cookie es un archivo de informaci\u00f3n que el servidor de este sitio web env\u00eda al dispositivo (ordenador, smartphone, tablet, etc.) de quien accede a la p\u00e1gina para almacenar y recuperar informaci\u00f3n sobre la navegaci\u00f3n que se efect\u00faa desde dicho equipo.<br \/>KOAL80, S.L. utiliza diversos tipos de cookies (t\u00e9cnicas, anal\u00edticas y sociales) \u00fanicamente con la finalidad de mejorar la navegaci\u00f3n del usuario en el sitio web, sin ning\u00fan tipo de objeto publicitario o similar.<br \/>KOAL80, S.L., a trav\u00e9s de las cookies no recoge dato personal alguno. Todas las cookies, salvo las utilizadas por el sistema de estad\u00edsticas Google Analytics son temporales y desaparecen al concluir la sesi\u00f3n.<\/p><h5 id=\"cookies-propias\">COOKIES PROPIAS<\/h5><p>KOAL80, S.L.\u00a0utiliza las\u00a0cookies\u00a0que se detallan a continuaci\u00f3n:<\/p><table class=\"table\"><tbody><tr><th>Tipo<\/th><th>Duraci\u00f3n<\/th><th>Finalidad<\/th><\/tr><tr><td>cwGeoData<\/td><td>15 d\u00edas<\/td><td>Estad\u00edsticas de localizaci\u00f3n<\/td><\/tr><tr><td>cookiebar<\/td><td>1 mes<\/td><td>Informa si se ha aceptado la politica de cookies<\/td><\/tr><tr><td>32 d\u00edgitos hexadecimales aleatorios<\/td><td>Al cerrar la web<\/td><td>Estad\u00edstica de usuarios simultaneos en la web.<\/td><\/tr><tr><td>XSRF-TOKEN<\/td><td>2 horas<\/td><td>Token para el env\u00edo de formularios seguros en Laravel<\/td><\/tr><tr><td>laravel_session<\/td><td>2 horas o indefinido<\/td><td>Gestion de inicios de sesion con laravel<\/td><\/tr><\/tbody><\/table><h5 id=\"cookies-de-terceros\">COOKIES DE TERCEROS<\/h5><p>En estos enlaces podr\u00e1s ver toda la informaci\u00f3n sobre las cookies de terceros que usamos.<\/p><ul><li>Google:\u00a0<em><a href=\"https:\/\/policies.google.com\/technologies\/cookies?hl=es\">Espa\u00f1ol<\/a>\u00a0\u2013\u00a0<\/em><span class=\"s1\"><em><a href=\"https:\/\/policies.google.com\/technologies\/cookies?hl=en\">Ingl\u00e9s<\/a><\/em><\/span><\/li><li>Facebook:\u00a0<em><a href=\"https:\/\/www.facebook.com\/policies\/cookies\/\">Espa\u00f1ol<\/a><\/em><\/li><li>Cookies por defecto de WordPress.<\/li><li>Cookies por defecto de Joomla.<\/li><\/ul><p>KOAL80, S.L.\u00a0utiliza las\u00a0cookies\u00a0de terceros que se detallan a continuaci\u00f3n:<\/p><table class=\"table\"><tbody><tr><th>Tipo<\/th><th>Duraci\u00f3n<\/th><th>Finalidad<\/th><\/tr><tr><td>_ga<\/td><td>2 a\u00f1os<\/td><td>Se usa para distinguir a los usuarios.<\/td><\/tr><tr><td>_gid<\/td><td>24 horas<\/td><td>Se usa para distinguir a los usuarios.<\/td><\/tr><tr><td>_gat<\/td><td>1 minuto<\/td><td>Se usa para limitar el porcentaje de solicitudes. Si has implementado Google Analytics mediante Google Tag Manager, esta cookie se llamar\u00e1 _dc_gtm_.<\/td><\/tr><tr><td>AMP_TOKEN<\/td><td>30 segundos a 1 a\u00f1o<\/td><td>Incluye un token que se puede utilizar para recuperar un ID de cliente del servicio de ID de cliente de AMP. Otros posibles valores indican inhabilitaciones, solicitudes en curso o errores obtenidos al recuperar un ID del servicio de ID de cliente de AMP.<\/td><\/tr><tr><td>_gac_<\/td><td>90 d\u00edas<\/td><td>Incluye informaci\u00f3n de la campa\u00f1a relativa al usuario. Si has vinculado tus cuentas de Google Analytics y AdWords, las etiquetas de conversi\u00f3n de sitios web leer\u00e1n esta cookie, a menos que la inhabilites.<\/td><\/tr><\/tbody><\/table><h5 id=\"desactivar-cookies\">DESACTIVAR COOKIES EN EL NAVEGADOR<\/h5><p>El usuario podr\u00e1, en cualquier momento, elegir qu\u00e9 cookies quiere que funcionen en este sitio web mediante:<br \/>a) La configuraci\u00f3n del\u00a0navegador.<\/p><ul><li>Desactivar cookies en\u00a0<a href=\"http:\/\/windows.microsoft.com\/es-es\/windows-vista\/Block-or-allow-cookies\">Internet Explorer<\/a><\/li><li>Desactivar cookies en\u00a0<a href=\"http:\/\/support.mozilla.org\/es\/kb\/habilitar-y-deshabilitar-cookies-que-los-sitios-we\">Mozilla Firefox<\/a><\/li><li>Desactivar cookies en\u00a0<a href=\"http:\/\/help.opera.com\/Windows\/11.50\/es-ES\/cookies.html\">Opera<\/a><\/li><li>Desactivar cookies en\u00a0<a href=\"https:\/\/support.google.com\/accounts\/answer\/61416?hl=es\">Google Chrome<\/a><\/li><li>Desactivar cookies en\u00a0<a href=\"http:\/\/support.apple.com\/kb\/HT1677?viewlocale=es_ES\">Safari<\/a><\/li><\/ul><p>b) Herramientas de terceros, disponibles on line, que permiten a los usuarios detectar las\u00a0cookies\u00a0en cada sitio web que visita y gestionar su desactivaci\u00f3n.<\/p><p>Ni esta web, ni sus representantes legales se hacen responsables ni del contenido ni de la veracidad de las pol\u00edticas de privacidad que puedan tener los terceros mencionados en esta pol\u00edtica de\u00a0cookies.<\/p><p>La aceptaci\u00f3n de la presente pol\u00edtica implica que el usuario ha sido informado de una forma clara y completa sobre el uso de dispositivos de almacenamiento y recuperaci\u00f3n de datos (cookies) as\u00ed como que KOAL80, S.L. dispone del consentimiento del usuario para el uso de las mismas tal y como establece el art\u00edculo 22 de la Ley 34\/2002, de 11 de julio, de Servicios de la Sociedad de la Informaci\u00f3n y Comercio Electr\u00f3nico (LSSI-CE).<\/p><div class=\"page-header\"><h4 id=\"formularios-de-contacto\"><i class=\"fa fa-bookmark\" aria-hidden=\"true\"><\/i>FORMULARIOS DE CONTACTO<\/h4><\/div><p>Responsable: KOAL80, S.L. \u2013 NIF: B98179096 Apartado de Correos: Aptdo. 15 \u2013 12400, Segorbe, Castell\u00f3n<br \/>\u201cEn nombre de la empresa tratamos la informaci\u00f3n que nos facilita con el fin de enviarle publicidad relacionada con nuestros productos y servicios por cualquier medio (Postal, email o tel\u00e9fono) e invitarle a eventos organizados por la empresa. Los datos proporcionados se conservar\u00e1n mientras no solicite el cese de la actividad. Los datos no se ceder\u00e1n a terceros salvo en los casos en que exista una obligaci\u00f3n legal. Usted tiene derecho a obtener confirmaci\u00f3n sobre si en KOAL80, S.L. estamos tratando sus datos personales por tanto tiene derecho a acceder a sus datos personales, rectificar los datos inexactos o solicitar su supresi\u00f3n cuando los datos ya no sean necesarios para los fines que fueron recogidos\u201d<\/p>\t\t\t\t\t\t\t\t<\/div>\n\t\t\t\t<\/div>\n\t\t\t\t<div class=\"elementor-element elementor-element-9a757c9 elementor-align-center elementor-widget elementor-widget-button\" data-id=\"9a757c9\" data-element_type=\"widget\" data-e-type=\"widget\" data-widget_type=\"button.default\">\n\t\t\t\t<div class=\"elementor-widget-container\">\n\t\t\t\t\t\t\t\t\t<div class=\"elementor-button-wrapper\">\n\t\t\t\t\t<a class=\"elementor-button elementor-button-link elementor-size-sm\" href=\"https:\/\/koal80.com\/politica-de-privacidad-y-aviso-legal#darse-de-baja\">\n\t\t\t\t\t\t<span class=\"elementor-button-content-wrapper\">\n\t\t\t\t\t\t\t\t\t<span class=\"elementor-button-text\">CONTACTO Y DARSE DE BAJA<\/span>\n\t\t\t\t\t<\/span>\n\t\t\t\t\t<\/a>\n\t\t\t\t<\/div>\n\t\t\t\t\t\t\t\t<\/div>\n\t\t\t\t<\/div>\n\t\t\t\t\t<\/div>\n\t\t<\/div>\n\t\t\t\t\t<\/div>\n\t\t<\/section>\n\t\t\t\t<\/div>\n\t\t","protected":false},"excerpt":{"rendered":"<p>POL\u00cdTICA DE PRIVACIDAD Y AVISO LEGAL WEB PROTECCI\u00d3N DE DATOS KOAL80, S.L. La empresa garantiza a los usuarios de la p\u00e1gina web que cumple con el Reglamento General de Protecci\u00f3n de Datos (UE) 2016\/679, y que ha establecido las medidas de seguridad exigidas por las leyes y reglamentos destinados a preservar el secreto, confidencialidad e [&hellip;]<\/p>\n","protected":false},"author":1,"featured_media":0,"parent":0,"menu_order":0,"comment_status":"closed","ping_status":"closed","template":"","meta":{"footnotes":""},"class_list":["post-34","page","type-page","status-publish","hentry"],"yoast_head":"<!-- This site is optimized with the Yoast SEO plugin v27.3 - https:\/\/yoast.com\/product\/yoast-seo-wordpress\/ -->\n<title>T\u00e9rminos, Pol\u00edtica y Cookies - Tarot por 5 Euros<\/title>\n<meta name=\"robots\" content=\"index, follow, max-snippet:-1, max-image-preview:large, max-video-preview:-1\" \/>\n<link rel=\"canonical\" href=\"https:\/\/tarotpor5euros.es\/index.php\/terminos-politica-y-cookies\/\" \/>\n<meta property=\"og:locale\" content=\"es_ES\" \/>\n<meta property=\"og:type\" content=\"article\" \/>\n<meta property=\"og:title\" content=\"T\u00e9rminos, Pol\u00edtica y Cookies - Tarot por 5 Euros\" \/>\n<meta property=\"og:description\" content=\"POL\u00cdTICA DE PRIVACIDAD Y AVISO LEGAL WEB PROTECCI\u00d3N DE DATOS KOAL80, S.L. La empresa garantiza a los usuarios de la p\u00e1gina web que cumple con el Reglamento General de Protecci\u00f3n de Datos (UE) 2016\/679, y que ha establecido las medidas de seguridad exigidas por las leyes y reglamentos destinados a preservar el secreto, confidencialidad e [&hellip;]\" \/>\n<meta property=\"og:url\" content=\"https:\/\/tarotpor5euros.es\/index.php\/terminos-politica-y-cookies\/\" \/>\n<meta property=\"og:site_name\" content=\"Tarot por 5 Euros\" \/>\n<meta property=\"article:modified_time\" content=\"2025-05-02T10:26:25+00:00\" \/>\n<meta name=\"twitter:card\" content=\"summary_large_image\" \/>\n<meta name=\"twitter:label1\" content=\"Tiempo de lectura\" \/>\n\t<meta name=\"twitter:data1\" content=\"10 minutos\" \/>\n<script type=\"application\/ld+json\" class=\"yoast-schema-graph\">{\"@context\":\"https:\\\/\\\/schema.org\",\"@graph\":[{\"@type\":\"WebPage\",\"@id\":\"https:\\\/\\\/tarotpor5euros.es\\\/index.php\\\/terminos-politica-y-cookies\\\/\",\"url\":\"https:\\\/\\\/tarotpor5euros.es\\\/index.php\\\/terminos-politica-y-cookies\\\/\",\"name\":\"T\u00e9rminos, Pol\u00edtica y Cookies - Tarot por 5 Euros\",\"isPartOf\":{\"@id\":\"https:\\\/\\\/tarotpor5euros.es\\\/#website\"},\"datePublished\":\"2023-04-27T07:42:29+00:00\",\"dateModified\":\"2025-05-02T10:26:25+00:00\",\"breadcrumb\":{\"@id\":\"https:\\\/\\\/tarotpor5euros.es\\\/index.php\\\/terminos-politica-y-cookies\\\/#breadcrumb\"},\"inLanguage\":\"es\",\"potentialAction\":[{\"@type\":\"ReadAction\",\"target\":[\"https:\\\/\\\/tarotpor5euros.es\\\/index.php\\\/terminos-politica-y-cookies\\\/\"]}]},{\"@type\":\"BreadcrumbList\",\"@id\":\"https:\\\/\\\/tarotpor5euros.es\\\/index.php\\\/terminos-politica-y-cookies\\\/#breadcrumb\",\"itemListElement\":[{\"@type\":\"ListItem\",\"position\":1,\"name\":\"Portada\",\"item\":\"https:\\\/\\\/tarotpor5euros.es\\\/\"},{\"@type\":\"ListItem\",\"position\":2,\"name\":\"T\u00e9rminos, Pol\u00edtica y Cookies\"}]},{\"@type\":\"WebSite\",\"@id\":\"https:\\\/\\\/tarotpor5euros.es\\\/#website\",\"url\":\"https:\\\/\\\/tarotpor5euros.es\\\/\",\"name\":\"Tarot por 5 Euros\",\"description\":\"\",\"potentialAction\":[{\"@type\":\"SearchAction\",\"target\":{\"@type\":\"EntryPoint\",\"urlTemplate\":\"https:\\\/\\\/tarotpor5euros.es\\\/?s={search_term_string}\"},\"query-input\":{\"@type\":\"PropertyValueSpecification\",\"valueRequired\":true,\"valueName\":\"search_term_string\"}}],\"inLanguage\":\"es\"}]}<\/script>\n<!-- \/ Yoast SEO plugin. -->","yoast_head_json":{"title":"T\u00e9rminos, Pol\u00edtica y Cookies - Tarot por 5 Euros","robots":{"index":"index","follow":"follow","max-snippet":"max-snippet:-1","max-image-preview":"max-image-preview:large","max-video-preview":"max-video-preview:-1"},"canonical":"https:\/\/tarotpor5euros.es\/index.php\/terminos-politica-y-cookies\/","og_locale":"es_ES","og_type":"article","og_title":"T\u00e9rminos, Pol\u00edtica y Cookies - Tarot por 5 Euros","og_description":"POL\u00cdTICA DE PRIVACIDAD Y AVISO LEGAL WEB PROTECCI\u00d3N DE DATOS KOAL80, S.L. La empresa garantiza a los usuarios de la p\u00e1gina web que cumple con el Reglamento General de Protecci\u00f3n de Datos (UE) 2016\/679, y que ha establecido las medidas de seguridad exigidas por las leyes y reglamentos destinados a preservar el secreto, confidencialidad e [&hellip;]","og_url":"https:\/\/tarotpor5euros.es\/index.php\/terminos-politica-y-cookies\/","og_site_name":"Tarot por 5 Euros","article_modified_time":"2025-05-02T10:26:25+00:00","twitter_card":"summary_large_image","twitter_misc":{"Tiempo de lectura":"10 minutos"},"schema":{"@context":"https:\/\/schema.org","@graph":[{"@type":"WebPage","@id":"https:\/\/tarotpor5euros.es\/index.php\/terminos-politica-y-cookies\/","url":"https:\/\/tarotpor5euros.es\/index.php\/terminos-politica-y-cookies\/","name":"T\u00e9rminos, Pol\u00edtica y Cookies - Tarot por 5 Euros","isPartOf":{"@id":"https:\/\/tarotpor5euros.es\/#website"},"datePublished":"2023-04-27T07:42:29+00:00","dateModified":"2025-05-02T10:26:25+00:00","breadcrumb":{"@id":"https:\/\/tarotpor5euros.es\/index.php\/terminos-politica-y-cookies\/#breadcrumb"},"inLanguage":"es","potentialAction":[{"@type":"ReadAction","target":["https:\/\/tarotpor5euros.es\/index.php\/terminos-politica-y-cookies\/"]}]},{"@type":"BreadcrumbList","@id":"https:\/\/tarotpor5euros.es\/index.php\/terminos-politica-y-cookies\/#breadcrumb","itemListElement":[{"@type":"ListItem","position":1,"name":"Portada","item":"https:\/\/tarotpor5euros.es\/"},{"@type":"ListItem","position":2,"name":"T\u00e9rminos, Pol\u00edtica y Cookies"}]},{"@type":"WebSite","@id":"https:\/\/tarotpor5euros.es\/#website","url":"https:\/\/tarotpor5euros.es\/","name":"Tarot por 5 Euros","description":"","potentialAction":[{"@type":"SearchAction","target":{"@type":"EntryPoint","urlTemplate":"https:\/\/tarotpor5euros.es\/?s={search_term_string}"},"query-input":{"@type":"PropertyValueSpecification","valueRequired":true,"valueName":"search_term_string"}}],"inLanguage":"es"}]}},"_links":{"self":[{"href":"https:\/\/tarotpor5euros.es\/index.php\/wp-json\/wp\/v2\/pages\/34","targetHints":{"allow":["GET"]}}],"collection":[{"href":"https:\/\/tarotpor5euros.es\/index.php\/wp-json\/wp\/v2\/pages"}],"about":[{"href":"https:\/\/tarotpor5euros.es\/index.php\/wp-json\/wp\/v2\/types\/page"}],"author":[{"embeddable":true,"href":"https:\/\/tarotpor5euros.es\/index.php\/wp-json\/wp\/v2\/users\/1"}],"replies":[{"embeddable":true,"href":"https:\/\/tarotpor5euros.es\/index.php\/wp-json\/wp\/v2\/comments?post=34"}],"version-history":[{"count":10,"href":"https:\/\/tarotpor5euros.es\/index.php\/wp-json\/wp\/v2\/pages\/34\/revisions"}],"predecessor-version":[{"id":123,"href":"https:\/\/tarotpor5euros.es\/index.php\/wp-json\/wp\/v2\/pages\/34\/revisions\/123"}],"wp:attachment":[{"href":"https:\/\/tarotpor5euros.es\/index.php\/wp-json\/wp\/v2\/media?parent=34"}],"curies":[{"name":"wp","href":"https:\/\/api.w.org\/{rel}","templated":true}]}}